{"id":2,"date":"2021-01-27T14:11:28","date_gmt":"2021-01-27T13:11:28","guid":{"rendered":"https:\/\/www.oa-roma.inaf.it\/caesar\/?page_id=2"},"modified":"2024-02-26T10:56:35","modified_gmt":"2024-02-26T09:56:35","slug":"pagina-di-esempio","status":"publish","type":"page","link":"https:\/\/www.oa-roma.inaf.it\/caesar\/","title":{"rendered":"Welcome to the CAESAR website"},"content":{"rendered":"\n<p>This website advertise the scientific, teaching and outreach activity of a team of researchers located at the INAF Rome Observatory and at the University of Rome La Sapienza.<\/p>\n\n\n\n<p>We study the properties of the first sources in the Universe &#8211; how the first stars and galaxies appeared soon after the Big Bang, and how they emerged from the so-called &#8220;Dark Ages&#8221; at the end of the first billion year of the Universe&#8217;s life.<\/p>\n\n\n\n<p>We do so by developing sophisticated theoretical models, collecting data using the best telescopes in the world, and comparing data and theories to improve our understanding.<\/p>\n\n\n<style id=\"wp_carousel_dynamic_css35\">.sp-wp-carousel-free-id-35.wpcf-fancybox-wrapper .fancybox-bg{background: #0b0b0b;opacity: 0.8;}.sp-wp-carousel-free-id-35.wpcf-fancybox-wrapper .fancybox-navigation .fancybox-button .wpcp-fancybox-nav-arrow i {color: #ccc;}.sp-wp-carousel-free-id-35.wpcf-fancybox-wrapper .fancybox-navigation .fancybox-button .wpcp-fancybox-nav-arrow i:hover {color: #fff;}.sp-wp-carousel-free-id-35.wpcf-fancybox-wrapper .fancybox-navigation .fancybox-button {background: #1e1e1e;}.sp-wp-carousel-free-id-35.wpcf-fancybox-wrapper .fancybox-navigation .fancybox-button:hover {background: #1e1e1e;}#sp-wp-carousel-free-id-35 .wpcp-swiper-dots {margin: 40px 0px 0px 0px;}.wpcp-wrapper-35 .swiper-wrapper .swiper-slide-kenburn, .wpcp-wrapper-35 .swiper-wrapper, .wpcp-wrapper-35 .wpcpro-row{align-items: center;}#sp-wp-carousel-free-id-35 .wpcp-single-item {box-shadow: 0px 0px 0px 0px #dddddd;transition: all .3s;margin: 0px;}#sp-wp-carousel-free-id-35.swiper-flip .wpcp-single-item{margin: 0!important;}#sp-wp-carousel-free-id-35 .wpcp-single-item:hover {box-shadow: 0px 0px 0px 0px #dddddd;}#sp-wp-carousel-free-id-35.sp-wpcp-35 .wpcp-single-item {border: 1px solid #dddddd;}#sp-wp-carousel-free-id-35.sp-wpcp-35 .swiper-button-prev,#sp-wp-carousel-free-id-35.sp-wpcp-35 .swiper-button-next,#sp-wp-carousel-free-id-35.sp-wpcp-35 .swiper-button-prev:hover,#sp-wp-carousel-free-id-35.sp-wpcp-35 .swiper-button-next:hover {background: none;border: none;font-size: 30px;}#sp-wp-carousel-free-id-35.sp-wpcp-35 .swiper-button-prev i,#sp-wp-carousel-free-id-35.sp-wpcp-35 .swiper-button-next i {color: #aaa;}#sp-wp-carousel-free-id-35.sp-wpcp-35 .swiper-button-prev i:hover,#sp-wp-carousel-free-id-35.sp-wpcp-35 .swiper-button-next i:hover {color: #52b3d9;}#sp-wp-carousel-free-id-35.sp-wpcp-35 .wpcp-swiper-dots .swiper-pagination-bullet {background-color: #cccccc;}#sp-wp-carousel-free-id-35.sp-wpcp-35 .wpcp-swiper-dots .swiper-pagination-bullet.swiper-pagination-bullet-active {background-color: #52b3d9;} #sp-wp-carousel-free-id-35.sp-wpcp-35.wpcp-image-carousel .wpcp-single-item:hover img, #sp-wp-carousel-free-id-35.sp-wpcp-35.wpcp-post-carousel .wpcp-single-item:hover img, #sp-wp-carousel-free-id-35.sp-wpcp-35.wpcp-product-carousel .wpcp-single-item:hover img{-webkit-transform: scale(1.2);-moz-transform: scale(1.2);transform: scale(1.2);}.wpcp-carousel-wrapper #sp-wp-carousel-free-id-35.wpcp-post-carousel .wpcp-single-item {background: #f9f9f9;}#sp-wp-carousel-free-id-35 .wpcpro-row>[class*=\"wpcpro-col-\"] { padding: 0 10px; padding-bottom: 20px;} #sp-wp-carousel-free-id-35 .swiper-slide .single-item-fade:not(:last-child) { margin-right: 20px;}@media (min-width: 480px) { .wpcpro-row .wpcpro-col-sm-1 { flex: 0 0 100%; max-width: 100%; } .wpcpro-row .wpcpro-col-sm-2 { flex: 0 0 50%; max-width: 50%; } .wpcpro-row .wpcpro-col-sm-2-5 { flex: 0 0 75%; max-width: 75%; } .wpcpro-row .wpcpro-col-sm-3 { flex: 0 0 33.333%; max-width: 33.333%; } .wpcpro-row .wpcpro-col-sm-4 { flex: 0 0 25%; max-width: 25%; } .wpcpro-row .wpcpro-col-sm-5 { flex: 0 0 20%; max-width: 20%; } .wpcpro-row .wpcpro-col-sm-6 { flex: 0 0 16.66666666666667%; max-width: 16.66666666666667%; } .wpcpro-row .wpcpro-col-sm-7 { flex: 0 0 14.28571428%; max-width: 14.28571428%; } .wpcpro-row .wpcpro-col-sm-8 { flex: 0 0 12.5%; max-width: 12.5%; } } @media (max-width: 480px) { .wpcpro-row .wpcpro-col-xs-1 { flex: 0 0 100%; max-width: 100%; } .wpcpro-row .wpcpro-col-xs-2 { flex: 0 0 50%; max-width: 50%; } .wpcpro-row .wpcpro-col-xs-3 { flex: 0 0 33.222%; max-width: 33.222%; } .wpcpro-row .wpcpro-col-xs-4 { flex: 0 0 25%; max-width: 25%; } .wpcpro-row .wpcpro-col-xs-5 { flex: 0 0 20%; max-width: 20%; } .wpcpro-row .wpcpro-col-xs-6 { flex: 0 0 16.6667%; max-width: 16.6667%; } .wpcpro-row .wpcpro-col-xs-7 { flex: 0 0 14.28571428%; max-width: 14.28571428%; } .wpcpro-row .wpcpro-col-xs-8 { flex: 0 0 12.5%; max-width: 12.5%; } } @media (min-width: 736px) { .wpcpro-row .wpcpro-col-md-1 { flex: 0 0 100%; max-width: 100%; } .wpcpro-row .wpcpro-col-md-2 { flex: 0 0 50%; max-width: 50%; } .wpcpro-row .wpcpro-col-md-2-5 { flex: 0 0 75%; max-width: 75%; } .wpcpro-row .wpcpro-col-md-3 { flex: 0 0 33.333%; max-width: 33.333%; } .wpcpro-row .wpcpro-col-md-4 { flex: 0 0 25%; max-width: 25%; } .wpcpro-row .wpcpro-col-md-5 { flex: 0 0 20%; max-width: 20%; } .wpcpro-row .wpcpro-col-md-6 { flex: 0 0 16.66666666666667%; max-width: 16.66666666666667%; } .wpcpro-row .wpcpro-col-md-7 { flex: 0 0 14.28571428%; max-width: 14.28571428%; } .wpcpro-row .wpcpro-col-md-8 { flex: 0 0 12.5%; max-width: 12.5%; } } @media (min-width: 980px) { .wpcpro-row .wpcpro-col-lg-1 { flex: 0 0 100%; max-width: 100%; } .wpcpro-row .wpcpro-col-lg-2 { flex: 0 0 50%; max-width: 50%; } .wpcpro-row .wpcpro-col-lg-3 { flex: 0 0 33.222%; max-width: 33.222%; } .wpcpro-row .wpcpro-col-lg-4 { flex: 0 0 25%; max-width: 25%; } .wpcpro-row .wpcpro-col-lg-5 { flex: 0 0 20%; max-width: 20%; } .wpcpro-row .wpcpro-col-lg-6 { flex: 0 0 16.6667%; max-width: 16.6667%; } .wpcpro-row .wpcpro-col-lg-7 { flex: 0 0 14.28571428%; max-width: 14.28571428%; } .wpcpro-row .wpcpro-col-lg-8 { flex: 0 0 12.5%; max-width: 12.5%; } } @media (min-width: 1200px) { .wpcpro-row .wpcpro-col-xl-1 { flex: 0 0 100%; max-width: 100%; } .wpcpro-row .wpcpro-col-xl-2 { flex: 0 0 50%; max-width: 50%; } .wpcpro-row .wpcpro-col-xl-3 { flex: 0 0 33.22222222%; max-width: 33.22222222%; } .wpcpro-row .wpcpro-col-xl-4 { flex: 0 0 25%; max-width: 25%; } .wpcpro-row .wpcpro-col-xl-5 { flex: 0 0 20%; max-width: 20%; } .wpcpro-row .wpcpro-col-xl-6 { flex: 0 0 16.66667%; max-width: 16.66667%; } .wpcpro-row .wpcpro-col-xl-7 { flex: 0 0 14.28571428%; max-width: 14.28571428%; } .wpcpro-row .wpcpro-col-xl-8 { flex: 0 0 12.5%; max-width: 12.5%; } }<\/style><div class=\"wpcp-carousel-wrapper wpcp-wrapper-35\">\n\t<div id=\"wpcp-preloader-35\" class=\"wpcp-carousel-preloader\"><img decoding=\"async\" src=\"https:\/\/www.oa-roma.inaf.it\/caesar\/wp-content\/plugins\/wp-carousel-free\/public\/css\/spinner.svg\" alt=\"Preloader Image\" \/><\/div>\t<div class=\"wpcp-carousel-content-wrapper\">\n\t<div id=\"sp-wp-carousel-free-id-35\" class=\"wpcp-carousel-section sp-wpcp-35  nav-vertical-center wpcp-post-carousel wpcp-preloader wpcp-standard\" data-swiper='{ &quot;pagination_type&quot;: &quot;dots&quot;,&quot;accessibility&quot;:true, &quot;spaceBetween&quot;:20, &quot;arrows&quot;:true, &quot;freeMode&quot;: false, &quot;autoplay&quot;:true, &quot;effect&quot;: &quot;slide&quot;, &quot;centerMode&quot;: false, &quot;autoplaySpeed&quot;:3000, &quot;dots&quot;:true, &quot;infinite&quot;:true, &quot;speed&quot;:600, &quot;pauseOnHover&quot;:true,\n\t\t\t&quot;slidesToShow&quot;:{&quot;lg_desktop&quot;:2, &quot;desktop&quot;: 2, &quot;laptop&quot;: 2, &quot;tablet&quot;: 2, &quot;mobile&quot;: 1}, &quot;responsive&quot;:{&quot;desktop&quot;:1200, &quot;laptop&quot;: 980, &quot;tablet&quot;: 736, &quot;mobile&quot;: 480}, &quot;rtl&quot;:false, &quot;lazyLoad&quot;: &quot;false&quot;, &quot;swipe&quot;: true, &quot;draggable&quot;: true, &quot;swipeToSlide&quot;:false }' dir=\"ltr\">\n\t\t<div class=\"swiper-wrapper\">\n\t\t<div class=\"swiper-slide\">\n\t<div class=\"wpcp-single-item\">\n\t\t\t\t<div class=\"wpcp-all-captions\">\n\t\t\t<ul class=\"wpcp-post-meta\">\n\t\t\t\t\t\t\t<li><time class=\"entry-date published updated\" datetime=\"2024-03-21T11:11:28+01:00\">\n\t\t\t\tOn 21 March 2024\t\t\t<\/time><\/li>\n\t\t\t\t<\/ul>\n\t<h2 class=\"wpcp-post-title\">\n\t<a href=\"https:\/\/www.oa-roma.inaf.it\/caesar\/2024\/03\/21\/unveiling-the-cosmic-dawn-exploring-the-high-redshift-universe-with-jwst-sara-mascia-march-27th-seminari-del-dipartimento-di-fisica-universita-di-cagliari-infn-sezione-di-cagliari\/\">\n\t\t&#8220;Unveiling the Cosmic Dawn: Exploring the High-Redshift Universe with JWST&#8221; &#8211; Sara Mascia, March 27th &#8211; Seminari del Dipartimento di Fisica, Universit\u00e0 di Cagliari, INFN &#8211; Sezione di Cagliari\t<\/a>\n<\/h2>\n\t<div class='wpcp-post-content'>\n\t<p>https:\/\/agenda.infn.it\/event\/40756\/ Observing distant galaxies means looking back in time because the light from those objects shows us how they were billions of years ago. In less than two years since the beginning of observations, the James Webb Space Telescope (JWST) has revolutionized our understanding of the high-redshift universe. This revolutionary instrument allows us to find &hellip; <\/p>\n<p class=\"link-more\"><a href=\"https:\/\/www.oa-roma.inaf.it\/caesar\/2024\/03\/21\/unveiling-the-cosmic-dawn-exploring-the-high-redshift-universe-with-jwst-sara-mascia-march-27th-seminari-del-dipartimento-di-fisica-universita-di-cagliari-infn-sezione-di-cagliari\/\" class=\"more-link\">Continue reading<span class=\"screen-reader-text\"> &#8220;&#8220;Unveiling the Cosmic Dawn: Exploring the High-Redshift Universe with JWST&#8221; &#8211; Sara Mascia, March 27th &#8211; Seminari del Dipartimento di Fisica, Universit\u00e0 di Cagliari, INFN &#8211; Sezione di Cagliari&#8221;<\/span><\/a><\/p>\n<\/div>\n\t\t<\/div>\n\t<\/div>\n<\/div>\n<div class=\"swiper-slide\">\n\t<div class=\"wpcp-single-item\">\n\t\t\t\t<div class=\"wpcp-all-captions\">\n\t\t\t<ul class=\"wpcp-post-meta\">\n\t\t\t\t\t\t\t<li><time class=\"entry-date published updated\" datetime=\"2024-02-26T10:00:00+01:00\">\n\t\t\t\tOn 26 February 2024\t\t\t<\/time><\/li>\n\t\t\t\t<\/ul>\n\t<h2 class=\"wpcp-post-title\">\n\t<a href=\"https:\/\/www.oa-roma.inaf.it\/caesar\/2024\/02\/26\/new-luniverso-invisibile-svelato-dal-telescopio-spaziale-james-webb-conferenza-pubblica-di-roberto-maiolino-29-febbraio-2024-h-1800-dipartimento-di-fisica-la-sapien\/\">\n\t\t\u201cL\u2019Universo invisibile svelato dal Telescopio Spaziale James Webb\u201d &#8211; Conferenza pubblica di Roberto Maiolino &#8211; 29 Febbraio 2024 h.18:00 &#8211; Dipartimento di Fisica La Sapienza\t<\/a>\n<\/h2>\n\t<div class='wpcp-post-content'>\n\t<p>https:\/\/www.phys.uniroma1.it\/fisica\/archivionotizie\/le-scoperte-del-telescopio-spaziale-james-webb-alla-sapienza Lingua: ITALIANO Il 29 febbraio 2024, alle 18.00, il Prof. Roberto Maiolino dell\u2019Universit\u00e0 di Cambridge (Regno Unito) terr\u00e0 una conferenza pubblica sul tema \u201cL\u2019Universo invisibile svelato dal Telescopio Spaziale James Webb\u201d presso il Dipartimento di Fisica della Sapienza Universit\u00e0 di Roma. Il James Webb Space Telescope (JWST) \u00e8 il pi\u00f9 grande telescopio spaziale mai &hellip; <\/p>\n<p class=\"link-more\"><a href=\"https:\/\/www.oa-roma.inaf.it\/caesar\/2024\/02\/26\/new-luniverso-invisibile-svelato-dal-telescopio-spaziale-james-webb-conferenza-pubblica-di-roberto-maiolino-29-febbraio-2024-h-1800-dipartimento-di-fisica-la-sapien\/\" class=\"more-link\">Continue reading<span class=\"screen-reader-text\"> &#8220;\u201cL\u2019Universo invisibile svelato dal Telescopio Spaziale James Webb\u201d &#8211; Conferenza pubblica di Roberto Maiolino &#8211; 29 Febbraio 2024 h.18:00 &#8211; Dipartimento di Fisica La Sapienza&#8221;<\/span><\/a><\/p>\n<\/div>\n\t\t<\/div>\n\t<\/div>\n<\/div>\n<div class=\"swiper-slide\">\n\t<div class=\"wpcp-single-item\">\n\t\t\t\t<div class=\"wpcp-all-captions\">\n\t\t\t<ul class=\"wpcp-post-meta\">\n\t\t\t\t\t\t\t<li><time class=\"entry-date published updated\" datetime=\"2024-02-26T12:00:00+01:00\">\n\t\t\t\tOn 26 February 2024\t\t\t<\/time><\/li>\n\t\t\t\t<\/ul>\n\t<h2 class=\"wpcp-post-title\">\n\t<a href=\"https:\/\/www.oa-roma.inaf.it\/caesar\/2024\/02\/26\/new-agn-feedback-and-star-formation-across-cosmic-scales-and-time-sirolo-italy-september-2-6-2024\/\">\n\t\t[NEW] AGN Feedback and Star Formation Across Cosmic Scales and Time &#8211; Sirolo, Italy, September 2-6, 2024\t<\/a>\n<\/h2>\n\t<div class='wpcp-post-content'>\n\t<p>https:\/\/indico.ict.inaf.it\/event\/2683\/overview The star-formation properties of galaxies and the central supermassive black holes that they host follow a tight co-evolution. Current structure formation models invoke Active Galactic Nucleus (AGN) feedback via quasar or radio modes at the high stellar mass ends, as well as feedback from supernovae at low stellar masses, to explain the observed number &hellip; <\/p>\n<p class=\"link-more\"><a href=\"https:\/\/www.oa-roma.inaf.it\/caesar\/2024\/02\/26\/new-agn-feedback-and-star-formation-across-cosmic-scales-and-time-sirolo-italy-september-2-6-2024\/\" class=\"more-link\">Continue reading<span class=\"screen-reader-text\"> &#8220;[NEW] AGN Feedback and Star Formation Across Cosmic Scales and Time &#8211; Sirolo, Italy, September 2-6, 2024&#8221;<\/span><\/a><\/p>\n<\/div>\n\t\t<\/div>\n\t<\/div>\n<\/div>\n<div class=\"swiper-slide\">\n\t<div class=\"wpcp-single-item\">\n\t\t\t\t<div class=\"wpcp-all-captions\">\n\t\t\t<ul class=\"wpcp-post-meta\">\n\t\t\t\t\t\t\t<li><time class=\"entry-date published updated\" datetime=\"2024-02-26T12:35:05+01:00\">\n\t\t\t\tOn 26 February 2024\t\t\t<\/time><\/li>\n\t\t\t\t<\/ul>\n\t<h2 class=\"wpcp-post-title\">\n\t<a href=\"https:\/\/www.oa-roma.inaf.it\/caesar\/2024\/02\/26\/new-beyond-the-edge-of-the-universe-latest-results-from-the-deepest-astronomical-surveys-sintra-portugal-october-21-25-2024\/\">\n\t\t[NEW] Beyond the Edge of the Universe: latest results from the deepest astronomical surveys &#8211; Sintra, Portugal, October 21-25, 2024\t<\/a>\n<\/h2>\n\t<div class='wpcp-post-content'>\n\t<p>https:\/\/deep24.org\/ After the success of the first two installments of this conference series (\u201cAt the Edge of the Universe\u201d in 2006 and \u201cBack at the Edge of the Universe\u201d in 2015), it\u2019s time to return to beautiful Sintra and discuss the latest achievements of the deepest observations of the Universe. This time, we find ourselves &hellip; <\/p>\n<p class=\"link-more\"><a href=\"https:\/\/www.oa-roma.inaf.it\/caesar\/2024\/02\/26\/new-beyond-the-edge-of-the-universe-latest-results-from-the-deepest-astronomical-surveys-sintra-portugal-october-21-25-2024\/\" class=\"more-link\">Continue reading<span class=\"screen-reader-text\"> &#8220;[NEW] Beyond the Edge of the Universe: latest results from the deepest astronomical surveys &#8211; Sintra, Portugal, October 21-25, 2024&#8221;<\/span><\/a><\/p>\n<\/div>\n\t\t<\/div>\n\t<\/div>\n<\/div>\n<div class=\"swiper-slide\">\n\t<div class=\"wpcp-single-item\">\n\t\t\t\t<div class=\"wpcp-all-captions\">\n\t\t\t<ul class=\"wpcp-post-meta\">\n\t\t\t\t\t\t\t<li><time class=\"entry-date published updated\" datetime=\"2024-02-26T09:30:13+01:00\">\n\t\t\t\tOn 26 February 2024\t\t\t<\/time><\/li>\n\t\t\t\t<\/ul>\n\t<h2 class=\"wpcp-post-title\">\n\t<a href=\"https:\/\/www.oa-roma.inaf.it\/caesar\/2024\/02\/26\/new-eas-symposium-s1-unveiling-black-hole-growth-across-cosmic-time-in-the-jwst-and-lisa-era-european-astronomical-society-eas-padova-italy-july-1-5-2024\/\">\n\t\t[NEW] EAS Symposium S1: &#8220;Unveiling Black Hole Growth across Cosmic Time in the JWST and LISA era&#8221; &#8211; European Astronomical Society (EAS), Padova, Italy, July 1-5, 2024\t<\/a>\n<\/h2>\n\t<div class='wpcp-post-content'>\n\t<p>https:\/\/eas.unige.ch\/EAS2024\/session.jsp?id=S1 Over the past two decades, observations have established samples of hundreds of luminous quasars, powered by accretion onto massive black holes, in the first billion years of the Universe. The James Webb Space Telescope (JWST) has significantly revised this sample by yielding unexpectedly numerous black holes with masses in the range of a few &hellip; <\/p>\n<p class=\"link-more\"><a href=\"https:\/\/www.oa-roma.inaf.it\/caesar\/2024\/02\/26\/new-eas-symposium-s1-unveiling-black-hole-growth-across-cosmic-time-in-the-jwst-and-lisa-era-european-astronomical-society-eas-padova-italy-july-1-5-2024\/\" class=\"more-link\">Continue reading<span class=\"screen-reader-text\"> &#8220;[NEW] EAS Symposium S1: &#8220;Unveiling Black Hole Growth across Cosmic Time in the JWST and LISA era&#8221; &#8211; European Astronomical Society (EAS), Padova, Italy, July 1-5, 2024&#8243;<\/span><\/a><\/p>\n<\/div>\n\t\t<\/div>\n\t<\/div>\n<\/div>\n\t\t<\/div>\n\t\t\t\t\t<div class=\"wpcp-swiper-dots swiper-pagination\"><\/div>\n\t\t\t\t<!-- If we need navigation buttons -->\n\t\t\t\t\t<div class=\"wpcp-prev-button swiper-button-prev\"><i class=\"fa fa-angle-left\"><\/i><\/div>\n\t\t\t<div class=\"wpcp-next-button swiper-button-next\"><i class=\"fa fa-angle-right\"><\/i><\/div>\n\t\t\t<\/div>\n\t<\/div>\n<\/div>\n\n","protected":false},"excerpt":{"rendered":"<p>This website advertise the scientific, teaching and outreach activity of a team of researchers located at the INAF Rome Observatory and at the University of Rome La Sapienza. We study the properties of the first sources in the Universe &#8211; how the first stars and galaxies appeared soon after the Big Bang, and how they &hellip; <\/p>\n<p class=\"link-more\"><a href=\"https:\/\/www.oa-roma.inaf.it\/caesar\/2024\/02\/26\/new-eas-symposium-s1-unveiling-black-hole-growth-across-cosmic-time-in-the-jwst-and-lisa-era-european-astronomical-society-eas-padova-italy-july-1-5-2024\/\" class=\"more-link\">Continue reading<span class=\"screen-reader-text\"> &#8220;[NEW] EAS Symposium S1: &#8220;Unveiling Black Hole Growth across Cosmic Time in the JWST and LISA era&#8221; &#8211; European Astronomical Society (EAS), Padova, Italy, July 1-5, 2024&#8243;<\/span><\/a><\/p>\n","protected":false},"author":2,"featured_media":0,"parent":0,"menu_order":0,"comment_status":"closed","ping_status":"open","template":"","meta":{"_acf_changed":false,"footnotes":""},"class_list":["post-2","page","type-page","status-publish","hentry"],"acf":[],"_links":{"self":[{"href":"https:\/\/www.oa-roma.inaf.it\/caesar\/wp-json\/wp\/v2\/pages\/2","targetHints":{"allow":["GET"]}}],"collection":[{"href":"https:\/\/www.oa-roma.inaf.it\/caesar\/wp-json\/wp\/v2\/pages"}],"about":[{"href":"https:\/\/www.oa-roma.inaf.it\/caesar\/wp-json\/wp\/v2\/types\/page"}],"author":[{"embeddable":true,"href":"https:\/\/www.oa-roma.inaf.it\/caesar\/wp-json\/wp\/v2\/users\/2"}],"replies":[{"embeddable":true,"href":"https:\/\/www.oa-roma.inaf.it\/caesar\/wp-json\/wp\/v2\/comments?post=2"}],"version-history":[{"count":9,"href":"https:\/\/www.oa-roma.inaf.it\/caesar\/wp-json\/wp\/v2\/pages\/2\/revisions"}],"predecessor-version":[{"id":370,"href":"https:\/\/www.oa-roma.inaf.it\/caesar\/wp-json\/wp\/v2\/pages\/2\/revisions\/370"}],"wp:attachment":[{"href":"https:\/\/www.oa-roma.inaf.it\/caesar\/wp-json\/wp\/v2\/media?parent=2"}],"curies":[{"name":"wp","href":"https:\/\/api.w.org\/{rel}","templated":true}]}}